{"id":1075,"date":"2025-08-19T17:38:41","date_gmt":"2025-08-19T17:38:41","guid":{"rendered":"https:\/\/bonheurdouceur-orient.fr\/?post_type=product&#038;p=1075"},"modified":"2025-08-19T17:59:01","modified_gmt":"2025-08-19T17:59:01","slug":"zrir-trois-couches","status":"publish","type":"product","link":"https:\/\/bonheurdouceur-orient.fr\/fr\/produit\/zrir-trois-couches\/","title":{"rendered":"Zrir Trois Couches"},"content":{"rendered":"<p>Zrir Trois Couches \u2013 L&#8217;\u00c9l\u00e9gance Orientale en Pot \ud83c\udf3f<\/p>\n<p>Savourez notre Zrir trois couches, une exp\u00e9rience gustative qui vous transporte au c\u0153ur des traditions orientales :<\/p>\n<p>\ud83e\udd5c Premi\u00e8re couche : Noisettes et s\u00e9same \u2013 pour une douceur croquante et l\u00e9g\u00e8rement toast\u00e9e \ud83d\udc9a Deuxi\u00e8me couche : Pistaches \u2013 une touche verte pour une saveur onctueuse et d\u00e9licate \ud83c\udf30 Troisi\u00e8me couche : Pignons \u2013 un go\u00fbt riche et raffin\u00e9 pour une finale inoubliable<\/p>\n<p>Chaque pot est pr\u00e9par\u00e9 avec amour, 100% maison et naturel, pour une gourmandise saine et authentique ! Id\u00e9al pour une pause \u00e9nerg\u00e9tique ou un plaisir \u00e0 partager.<\/p>","protected":false},"excerpt":{"rendered":"<p>Zrir Trois Couches \u2013 L&#8217;\u00c9l\u00e9gance Orientale en Pot \ud83c\udf3f Savourez notre Zrir trois couches, une exp\u00e9rience gustative qui vous transporte au c\u0153ur des traditions orientales : \ud83e\udd5c Premi\u00e8re couche : Noisettes et s\u00e9same \u2013 pour une douceur croquante et l\u00e9g\u00e8rement toast\u00e9e \ud83d\udc9a Deuxi\u00e8me couche : Pistaches \u2013 une touche verte pour une saveur onctueuse et&hellip; <br \/> <a class=\"read-more\" href=\"https:\/\/bonheurdouceur-orient.fr\/fr\/produit\/zrir-trois-couches\/\">Lire la suite<\/a><\/p>","protected":false},"featured_media":1063,"template":"","meta":[],"product_brand":[],"product_cat":[74,73],"product_tag":[75],"class_list":{"0":"post-1075","1":"product","2":"type-product","3":"status-publish","4":"has-post-thumbnail","6":"product_cat-bsissa-zrir","7":"product_cat-zrir","8":"product_tag-300g","10":"first","11":"instock","12":"shipping-taxable","13":"purchasable","14":"product-type-simple"},"jetpack_sharing_enabled":true,"_links":{"self":[{"href":"https:\/\/bonheurdouceur-orient.fr\/fr\/wp-json\/wp\/v2\/product\/1075","targetHints":{"allow":["GET"]}}],"collection":[{"href":"https:\/\/bonheurdouceur-orient.fr\/fr\/wp-json\/wp\/v2\/product"}],"about":[{"href":"https:\/\/bonheurdouceur-orient.fr\/fr\/wp-json\/wp\/v2\/types\/product"}],"version-history":[{"count":2,"href":"https:\/\/bonheurdouceur-orient.fr\/fr\/wp-json\/wp\/v2\/product\/1075\/revisions"}],"predecessor-version":[{"id":1077,"href":"https:\/\/bonheurdouceur-orient.fr\/fr\/wp-json\/wp\/v2\/product\/1075\/revisions\/1077"}],"wp:featuredmedia":[{"embeddable":true,"href":"https:\/\/bonheurdouceur-orient.fr\/fr\/wp-json\/wp\/v2\/media\/1063"}],"wp:attachment":[{"href":"https:\/\/bonheurdouceur-orient.fr\/fr\/wp-json\/wp\/v2\/media?parent=1075"}],"wp:term":[{"taxonomy":"product_brand","embeddable":true,"href":"https:\/\/bonheurdouceur-orient.fr\/fr\/wp-json\/wp\/v2\/product_brand?post=1075"},{"taxonomy":"product_cat","embeddable":true,"href":"https:\/\/bonheurdouceur-orient.fr\/fr\/wp-json\/wp\/v2\/product_cat?post=1075"},{"taxonomy":"product_tag","embeddable":true,"href":"https:\/\/bonheurdouceur-orient.fr\/fr\/wp-json\/wp\/v2\/product_tag?post=1075"}],"curies":[{"name":"wp","href":"https:\/\/api.w.org\/{rel}","templated":true}]}}