{"id":1082,"date":"2025-08-19T17:52:59","date_gmt":"2025-08-19T17:52:59","guid":{"rendered":"https:\/\/bonheurdouceur-orient.fr\/?post_type=product&#038;p=1082"},"modified":"2025-08-19T18:10:50","modified_gmt":"2025-08-19T18:10:50","slug":"bsissa-noisette-raffaello","status":"publish","type":"product","link":"https:\/\/bonheurdouceur-orient.fr\/fr\/produit\/bsissa-noisette-raffaello\/","title":{"rendered":"Bsissa Noisette &#038; Raffaello"},"content":{"rendered":"<p>Bsissa Noisette \ud83c\udf30<\/p>\n<p>Une bsissa gourmande avec des \u00e9clats de noisette, offrant une saveur d\u00e9licate et croquante qui ravira vos papilles.<\/p>\n<p>Bsissa Raffaello \ud83e\udd65<\/p>\n<p>Un d\u00e9lice \u00e0 base de noix de coco et d\u2019amandes, pour une bsissa subtilement douce et exotique, inspir\u00e9e du c\u00e9l\u00e8bre Raffaello.<\/p>","protected":false},"excerpt":{"rendered":"<p>Bsissa Noisette \ud83c\udf30 Une bsissa gourmande avec des \u00e9clats de noisette, offrant une saveur d\u00e9licate et croquante qui ravira vos papilles. Bsissa Raffaello \ud83e\udd65 Un d\u00e9lice \u00e0 base de noix de coco et d\u2019amandes, pour une bsissa subtilement douce et exotique, inspir\u00e9e du c\u00e9l\u00e8bre Raffaello.<\/p>","protected":false},"featured_media":1066,"template":"","meta":[],"product_brand":[],"product_cat":[72,74],"product_tag":[75],"class_list":{"0":"post-1082","1":"product","2":"type-product","3":"status-publish","4":"has-post-thumbnail","6":"product_cat-bsissa","7":"product_cat-bsissa-zrir","8":"product_tag-300g","10":"first","11":"instock","12":"shipping-taxable","13":"purchasable","14":"product-type-simple"},"jetpack_sharing_enabled":true,"_links":{"self":[{"href":"https:\/\/bonheurdouceur-orient.fr\/fr\/wp-json\/wp\/v2\/product\/1082","targetHints":{"allow":["GET"]}}],"collection":[{"href":"https:\/\/bonheurdouceur-orient.fr\/fr\/wp-json\/wp\/v2\/product"}],"about":[{"href":"https:\/\/bonheurdouceur-orient.fr\/fr\/wp-json\/wp\/v2\/types\/product"}],"version-history":[{"count":3,"href":"https:\/\/bonheurdouceur-orient.fr\/fr\/wp-json\/wp\/v2\/product\/1082\/revisions"}],"predecessor-version":[{"id":1085,"href":"https:\/\/bonheurdouceur-orient.fr\/fr\/wp-json\/wp\/v2\/product\/1082\/revisions\/1085"}],"wp:featuredmedia":[{"embeddable":true,"href":"https:\/\/bonheurdouceur-orient.fr\/fr\/wp-json\/wp\/v2\/media\/1066"}],"wp:attachment":[{"href":"https:\/\/bonheurdouceur-orient.fr\/fr\/wp-json\/wp\/v2\/media?parent=1082"}],"wp:term":[{"taxonomy":"product_brand","embeddable":true,"href":"https:\/\/bonheurdouceur-orient.fr\/fr\/wp-json\/wp\/v2\/product_brand?post=1082"},{"taxonomy":"product_cat","embeddable":true,"href":"https:\/\/bonheurdouceur-orient.fr\/fr\/wp-json\/wp\/v2\/product_cat?post=1082"},{"taxonomy":"product_tag","embeddable":true,"href":"https:\/\/bonheurdouceur-orient.fr\/fr\/wp-json\/wp\/v2\/product_tag?post=1082"}],"curies":[{"name":"wp","href":"https:\/\/api.w.org\/{rel}","templated":true}]}}