{"id":1086,"date":"2025-08-19T18:08:54","date_gmt":"2025-08-19T18:08:54","guid":{"rendered":"https:\/\/bonheurdouceur-orient.fr\/?post_type=product&#038;p=1086"},"modified":"2025-08-19T18:10:39","modified_gmt":"2025-08-19T18:10:39","slug":"bsissa-ferrero-rocher-oreo-chocolat","status":"publish","type":"product","link":"https:\/\/bonheurdouceur-orient.fr\/fr\/produit\/bsissa-ferrero-rocher-oreo-chocolat\/","title":{"rendered":"Bsissa Ferrero Rocher &#038; Oreo &#038; Chocolat"},"content":{"rendered":"<p>Bsissa Chocolat \ud83c\udf6b<\/p>\n<p>Un m\u00e9lange riche et onctueux de bsissa traditionnelle sublim\u00e9e par la douceur intense du chocolat. Parfait pour les amateurs de cacao !<\/p>\n<p>Bsissa Oreo \ud83d\udda4<\/p>\n<p>Un mariage audacieux entre la bsissa traditionnelle et les morceaux de biscuits Oreo, pour une touche moderne et gourmande.<\/p>\n<p>Bsissa Ferrero Rocher \u2728<\/p>\n<p>Inspir\u00e9e du c\u00e9l\u00e8bre chocolat, cette bsissa marie la noisette et le cacao pour une explosion de saveurs irr\u00e9sistibles.<\/p>","protected":false},"excerpt":{"rendered":"<p>Bsissa Chocolat \ud83c\udf6b Un m\u00e9lange riche et onctueux de bsissa traditionnelle sublim\u00e9e par la douceur intense du chocolat. Parfait pour les amateurs de cacao ! Bsissa Oreo \ud83d\udda4 Un mariage audacieux entre la bsissa traditionnelle et les morceaux de biscuits Oreo, pour une touche moderne et gourmande. Bsissa Ferrero Rocher \u2728 Inspir\u00e9e du c\u00e9l\u00e8bre chocolat,&hellip; <br \/> <a class=\"read-more\" href=\"https:\/\/bonheurdouceur-orient.fr\/fr\/produit\/bsissa-ferrero-rocher-oreo-chocolat\/\">Lire la suite<\/a><\/p>","protected":false},"featured_media":1067,"template":"","meta":[],"product_brand":[],"product_cat":[72,74],"product_tag":[75],"class_list":{"0":"post-1086","1":"product","2":"type-product","3":"status-publish","4":"has-post-thumbnail","6":"product_cat-bsissa","7":"product_cat-bsissa-zrir","8":"product_tag-300g","10":"first","11":"instock","12":"shipping-taxable","13":"purchasable","14":"product-type-simple"},"jetpack_sharing_enabled":true,"_links":{"self":[{"href":"https:\/\/bonheurdouceur-orient.fr\/fr\/wp-json\/wp\/v2\/product\/1086","targetHints":{"allow":["GET"]}}],"collection":[{"href":"https:\/\/bonheurdouceur-orient.fr\/fr\/wp-json\/wp\/v2\/product"}],"about":[{"href":"https:\/\/bonheurdouceur-orient.fr\/fr\/wp-json\/wp\/v2\/types\/product"}],"version-history":[{"count":2,"href":"https:\/\/bonheurdouceur-orient.fr\/fr\/wp-json\/wp\/v2\/product\/1086\/revisions"}],"predecessor-version":[{"id":1088,"href":"https:\/\/bonheurdouceur-orient.fr\/fr\/wp-json\/wp\/v2\/product\/1086\/revisions\/1088"}],"wp:featuredmedia":[{"embeddable":true,"href":"https:\/\/bonheurdouceur-orient.fr\/fr\/wp-json\/wp\/v2\/media\/1067"}],"wp:attachment":[{"href":"https:\/\/bonheurdouceur-orient.fr\/fr\/wp-json\/wp\/v2\/media?parent=1086"}],"wp:term":[{"taxonomy":"product_brand","embeddable":true,"href":"https:\/\/bonheurdouceur-orient.fr\/fr\/wp-json\/wp\/v2\/product_brand?post=1086"},{"taxonomy":"product_cat","embeddable":true,"href":"https:\/\/bonheurdouceur-orient.fr\/fr\/wp-json\/wp\/v2\/product_cat?post=1086"},{"taxonomy":"product_tag","embeddable":true,"href":"https:\/\/bonheurdouceur-orient.fr\/fr\/wp-json\/wp\/v2\/product_tag?post=1086"}],"curies":[{"name":"wp","href":"https:\/\/api.w.org\/{rel}","templated":true}]}}