{"id":1089,"date":"2025-08-19T18:21:27","date_gmt":"2025-08-19T18:21:27","guid":{"rendered":"https:\/\/bonheurdouceur-orient.fr\/?post_type=product&#038;p=1089"},"modified":"2025-08-19T18:22:10","modified_gmt":"2025-08-19T18:22:10","slug":"baklawa-aux-fruits-secs","status":"publish","type":"product","link":"https:\/\/bonheurdouceur-orient.fr\/fr\/produit\/baklawa-aux-fruits-secs\/","title":{"rendered":"Baklawa aux Fruits Secs"},"content":{"rendered":"<p>Baklawa aux Fruits Secs \u2013 L\u2019incontournable de notre collection<br \/>\nCette p\u00e2tisserie traditionnelle tunisienne est \u00e9labor\u00e9e avec de fines couches de p\u00e2te filo croustillante, g\u00e9n\u00e9reusement garnies d\u2019un m\u00e9lange savoureux de fruits secs tels que les amandes, les noisettes et les pistaches. Le tout est d\u00e9licatement parfum\u00e9 \u00e0 l\u2019eau de fleur d\u2019oranger et napp\u00e9 d\u2019un sirop l\u00e9ger, offrant une exp\u00e9rience gustative inoubliable.<\/p>","protected":false},"excerpt":{"rendered":"<p>Baklawa aux Fruits Secs \u2013 L\u2019incontournable de notre collection Cette p\u00e2tisserie traditionnelle tunisienne est \u00e9labor\u00e9e avec de fines couches de p\u00e2te filo croustillante, g\u00e9n\u00e9reusement garnies d\u2019un m\u00e9lange savoureux de fruits secs tels que les amandes, les noisettes et les pistaches. Le tout est d\u00e9licatement parfum\u00e9 \u00e0 l\u2019eau de fleur d\u2019oranger et napp\u00e9 d\u2019un sirop l\u00e9ger,&hellip; <br \/> <a class=\"read-more\" href=\"https:\/\/bonheurdouceur-orient.fr\/fr\/produit\/baklawa-aux-fruits-secs\/\">Lire la suite<\/a><\/p>","protected":false},"featured_media":1090,"template":"","meta":[],"product_brand":[],"product_cat":[76,71],"product_tag":[48],"class_list":{"0":"post-1089","1":"product","2":"type-product","3":"status-publish","4":"has-post-thumbnail","6":"product_cat-baklawa","7":"product_cat-evenement","8":"product_tag-1kg","10":"first","11":"instock","12":"shipping-taxable","13":"product-type-simple"},"jetpack_sharing_enabled":true,"_links":{"self":[{"href":"https:\/\/bonheurdouceur-orient.fr\/fr\/wp-json\/wp\/v2\/product\/1089","targetHints":{"allow":["GET"]}}],"collection":[{"href":"https:\/\/bonheurdouceur-orient.fr\/fr\/wp-json\/wp\/v2\/product"}],"about":[{"href":"https:\/\/bonheurdouceur-orient.fr\/fr\/wp-json\/wp\/v2\/types\/product"}],"version-history":[{"count":1,"href":"https:\/\/bonheurdouceur-orient.fr\/fr\/wp-json\/wp\/v2\/product\/1089\/revisions"}],"predecessor-version":[{"id":1091,"href":"https:\/\/bonheurdouceur-orient.fr\/fr\/wp-json\/wp\/v2\/product\/1089\/revisions\/1091"}],"wp:featuredmedia":[{"embeddable":true,"href":"https:\/\/bonheurdouceur-orient.fr\/fr\/wp-json\/wp\/v2\/media\/1090"}],"wp:attachment":[{"href":"https:\/\/bonheurdouceur-orient.fr\/fr\/wp-json\/wp\/v2\/media?parent=1089"}],"wp:term":[{"taxonomy":"product_brand","embeddable":true,"href":"https:\/\/bonheurdouceur-orient.fr\/fr\/wp-json\/wp\/v2\/product_brand?post=1089"},{"taxonomy":"product_cat","embeddable":true,"href":"https:\/\/bonheurdouceur-orient.fr\/fr\/wp-json\/wp\/v2\/product_cat?post=1089"},{"taxonomy":"product_tag","embeddable":true,"href":"https:\/\/bonheurdouceur-orient.fr\/fr\/wp-json\/wp\/v2\/product_tag?post=1089"}],"curies":[{"name":"wp","href":"https:\/\/api.w.org\/{rel}","templated":true}]}}