{"id":508,"date":"2025-01-18T23:31:36","date_gmt":"2025-01-18T23:31:36","guid":{"rendered":"https:\/\/bonheurdouceur-orient.fr\/?post_type=product&#038;p=508"},"modified":"2025-06-25T00:24:17","modified_gmt":"2025-06-25T00:24:17","slug":"pistaches-modele-jumeaux","status":"publish","type":"product","link":"https:\/\/bonheurdouceur-orient.fr\/fr\/produit\/pistaches-modele-jumeaux\/","title":{"rendered":"Pistaches mod\u00e8le jumeaux"},"content":{"rendered":"<p>Duo raffin\u00e9 de pistaches enrob\u00e9es, pr\u00e9sent\u00e9 en mod\u00e8le jumeaux : un \u00e9quilibre parfait entre croquant et douceur, id\u00e9al pour les instants gourmands et les cadeaux \u00e9l\u00e9gants.<\/p>","protected":false},"excerpt":{"rendered":"<p>Duo raffin\u00e9 de pistaches enrob\u00e9es, pr\u00e9sent\u00e9 en mod\u00e8le jumeaux : un \u00e9quilibre parfait entre croquant et douceur, id\u00e9al pour les instants gourmands et les cadeaux \u00e9l\u00e9gants.<\/p>","protected":false},"featured_media":1005,"template":"","meta":[],"product_brand":[],"product_cat":[71,40],"product_tag":[48],"class_list":{"0":"post-508","1":"product","2":"type-product","3":"status-publish","4":"has-post-thumbnail","6":"product_cat-evenement","7":"product_cat-orientale","8":"product_tag-1kg","10":"first","11":"instock","12":"shipping-taxable","13":"purchasable","14":"product-type-simple"},"jetpack_sharing_enabled":true,"_links":{"self":[{"href":"https:\/\/bonheurdouceur-orient.fr\/fr\/wp-json\/wp\/v2\/product\/508","targetHints":{"allow":["GET"]}}],"collection":[{"href":"https:\/\/bonheurdouceur-orient.fr\/fr\/wp-json\/wp\/v2\/product"}],"about":[{"href":"https:\/\/bonheurdouceur-orient.fr\/fr\/wp-json\/wp\/v2\/types\/product"}],"version-history":[{"count":2,"href":"https:\/\/bonheurdouceur-orient.fr\/fr\/wp-json\/wp\/v2\/product\/508\/revisions"}],"predecessor-version":[{"id":1006,"href":"https:\/\/bonheurdouceur-orient.fr\/fr\/wp-json\/wp\/v2\/product\/508\/revisions\/1006"}],"wp:featuredmedia":[{"embeddable":true,"href":"https:\/\/bonheurdouceur-orient.fr\/fr\/wp-json\/wp\/v2\/media\/1005"}],"wp:attachment":[{"href":"https:\/\/bonheurdouceur-orient.fr\/fr\/wp-json\/wp\/v2\/media?parent=508"}],"wp:term":[{"taxonomy":"product_brand","embeddable":true,"href":"https:\/\/bonheurdouceur-orient.fr\/fr\/wp-json\/wp\/v2\/product_brand?post=508"},{"taxonomy":"product_cat","embeddable":true,"href":"https:\/\/bonheurdouceur-orient.fr\/fr\/wp-json\/wp\/v2\/product_cat?post=508"},{"taxonomy":"product_tag","embeddable":true,"href":"https:\/\/bonheurdouceur-orient.fr\/fr\/wp-json\/wp\/v2\/product_tag?post=508"}],"curies":[{"name":"wp","href":"https:\/\/api.w.org\/{rel}","templated":true}]}}