{"id":512,"date":"2025-01-18T23:46:18","date_gmt":"2025-01-18T23:46:18","guid":{"rendered":"https:\/\/bonheurdouceur-orient.fr\/?post_type=product&#038;p=512"},"modified":"2025-06-24T22:57:47","modified_gmt":"2025-06-24T22:57:47","slug":"samsa-pistache-et-coeur-cremeux-pistache","status":"publish","type":"product","link":"https:\/\/bonheurdouceur-orient.fr\/fr\/produit\/samsa-pistache-et-coeur-cremeux-pistache\/","title":{"rendered":"Samsa Pistache et c\u0153ur cr\u00e9meux pistache"},"content":{"rendered":"<p>Samsa raffin\u00e9e au croquant de pistaches, garnie d\u2019un irr\u00e9sistible c\u0153ur cr\u00e9meux \u00e0 la pistache. Une explosion de saveurs pour les amateurs de ce fruit d\u2019exception.<\/p>","protected":false},"excerpt":{"rendered":"<p>Samsa raffin\u00e9e au croquant de pistaches, garnie d\u2019un irr\u00e9sistible c\u0153ur cr\u00e9meux \u00e0 la pistache. Une explosion de saveurs pour les amateurs de ce fruit d\u2019exception.<\/p>","protected":false},"featured_media":975,"template":"","meta":[],"product_brand":[],"product_cat":[71,40,41],"product_tag":[48],"class_list":{"0":"post-512","1":"product","2":"type-product","3":"status-publish","4":"has-post-thumbnail","6":"product_cat-evenement","7":"product_cat-orientale","8":"product_cat-samsa","9":"product_tag-1kg","11":"first","12":"instock","13":"shipping-taxable","14":"purchasable","15":"product-type-simple"},"jetpack_sharing_enabled":true,"_links":{"self":[{"href":"https:\/\/bonheurdouceur-orient.fr\/fr\/wp-json\/wp\/v2\/product\/512","targetHints":{"allow":["GET"]}}],"collection":[{"href":"https:\/\/bonheurdouceur-orient.fr\/fr\/wp-json\/wp\/v2\/product"}],"about":[{"href":"https:\/\/bonheurdouceur-orient.fr\/fr\/wp-json\/wp\/v2\/types\/product"}],"version-history":[{"count":2,"href":"https:\/\/bonheurdouceur-orient.fr\/fr\/wp-json\/wp\/v2\/product\/512\/revisions"}],"predecessor-version":[{"id":976,"href":"https:\/\/bonheurdouceur-orient.fr\/fr\/wp-json\/wp\/v2\/product\/512\/revisions\/976"}],"wp:featuredmedia":[{"embeddable":true,"href":"https:\/\/bonheurdouceur-orient.fr\/fr\/wp-json\/wp\/v2\/media\/975"}],"wp:attachment":[{"href":"https:\/\/bonheurdouceur-orient.fr\/fr\/wp-json\/wp\/v2\/media?parent=512"}],"wp:term":[{"taxonomy":"product_brand","embeddable":true,"href":"https:\/\/bonheurdouceur-orient.fr\/fr\/wp-json\/wp\/v2\/product_brand?post=512"},{"taxonomy":"product_cat","embeddable":true,"href":"https:\/\/bonheurdouceur-orient.fr\/fr\/wp-json\/wp\/v2\/product_cat?post=512"},{"taxonomy":"product_tag","embeddable":true,"href":"https:\/\/bonheurdouceur-orient.fr\/fr\/wp-json\/wp\/v2\/product_tag?post=512"}],"curies":[{"name":"wp","href":"https:\/\/api.w.org\/{rel}","templated":true}]}}