{"id":513,"date":"2025-01-18T23:49:43","date_gmt":"2025-01-18T23:49:43","guid":{"rendered":"https:\/\/bonheurdouceur-orient.fr\/?post_type=product&#038;p=513"},"modified":"2025-06-29T00:45:13","modified_gmt":"2025-06-29T00:45:13","slug":"samsa-citron-et-coeur-cremeux-citron","status":"publish","type":"product","link":"https:\/\/bonheurdouceur-orient.fr\/fr\/produit\/samsa-citron-et-coeur-cremeux-citron\/","title":{"rendered":"Samsa citron et c\u0153ur cr\u00e9meux citron"},"content":{"rendered":"<p>Samsa croustillante au parfum ensoleill\u00e9 de citron, garnie d\u2019un c\u0153ur cr\u00e9meux et acidul\u00e9. Une gourmandise rafra\u00eechissante aux notes d\u00e9licatement fruit\u00e9es.<\/p>","protected":false},"excerpt":{"rendered":"<p>Samsa croustillante au parfum ensoleill\u00e9 de citron, garnie d\u2019un c\u0153ur cr\u00e9meux et acidul\u00e9. Une gourmandise rafra\u00eechissante aux notes d\u00e9licatement fruit\u00e9es.<\/p>","protected":false},"featured_media":1002,"template":"","meta":[],"product_brand":[],"product_cat":[71,40,41],"product_tag":[48],"class_list":{"0":"post-513","1":"product","2":"type-product","3":"status-publish","4":"has-post-thumbnail","6":"product_cat-evenement","7":"product_cat-orientale","8":"product_cat-samsa","9":"product_tag-1kg","11":"first","12":"instock","13":"shipping-taxable","14":"purchasable","15":"product-type-simple"},"jetpack_sharing_enabled":true,"_links":{"self":[{"href":"https:\/\/bonheurdouceur-orient.fr\/fr\/wp-json\/wp\/v2\/product\/513","targetHints":{"allow":["GET"]}}],"collection":[{"href":"https:\/\/bonheurdouceur-orient.fr\/fr\/wp-json\/wp\/v2\/product"}],"about":[{"href":"https:\/\/bonheurdouceur-orient.fr\/fr\/wp-json\/wp\/v2\/types\/product"}],"version-history":[{"count":2,"href":"https:\/\/bonheurdouceur-orient.fr\/fr\/wp-json\/wp\/v2\/product\/513\/revisions"}],"predecessor-version":[{"id":1003,"href":"https:\/\/bonheurdouceur-orient.fr\/fr\/wp-json\/wp\/v2\/product\/513\/revisions\/1003"}],"wp:featuredmedia":[{"embeddable":true,"href":"https:\/\/bonheurdouceur-orient.fr\/fr\/wp-json\/wp\/v2\/media\/1002"}],"wp:attachment":[{"href":"https:\/\/bonheurdouceur-orient.fr\/fr\/wp-json\/wp\/v2\/media?parent=513"}],"wp:term":[{"taxonomy":"product_brand","embeddable":true,"href":"https:\/\/bonheurdouceur-orient.fr\/fr\/wp-json\/wp\/v2\/product_brand?post=513"},{"taxonomy":"product_cat","embeddable":true,"href":"https:\/\/bonheurdouceur-orient.fr\/fr\/wp-json\/wp\/v2\/product_cat?post=513"},{"taxonomy":"product_tag","embeddable":true,"href":"https:\/\/bonheurdouceur-orient.fr\/fr\/wp-json\/wp\/v2\/product_tag?post=513"}],"curies":[{"name":"wp","href":"https:\/\/api.w.org\/{rel}","templated":true}]}}