{"id":514,"date":"2025-01-19T00:00:06","date_gmt":"2025-01-19T00:00:06","guid":{"rendered":"https:\/\/bonheurdouceur-orient.fr\/?post_type=product&#038;p=514"},"modified":"2025-06-29T00:48:01","modified_gmt":"2025-06-29T00:48:01","slug":"samsa-pistache-et-coeur-cremeux-chocolat-blanc","status":"publish","type":"product","link":"https:\/\/bonheurdouceur-orient.fr\/fr\/produit\/samsa-pistache-et-coeur-cremeux-chocolat-blanc\/","title":{"rendered":"Samsa Pistache et c\u0153ur cr\u00e9meux chocolat blanc"},"content":{"rendered":"<p>Samsa croustillante aux \u00e9clats de pistache, garnie d\u2019un c\u0153ur fondant au chocolat blanc. Une alliance gourmande et raffin\u00e9e qui s\u00e9duira les palais les plus fins.<\/p>","protected":false},"excerpt":{"rendered":"<p>Samsa croustillante aux \u00e9clats de pistache, garnie d\u2019un c\u0153ur fondant au chocolat blanc. Une alliance gourmande et raffin\u00e9e qui s\u00e9duira les palais les plus fins.<\/p>","protected":false},"featured_media":974,"template":"","meta":[],"product_brand":[],"product_cat":[71,40,41],"product_tag":[48],"class_list":{"0":"post-514","1":"product","2":"type-product","3":"status-publish","4":"has-post-thumbnail","6":"product_cat-evenement","7":"product_cat-orientale","8":"product_cat-samsa","9":"product_tag-1kg","11":"first","12":"instock","13":"shipping-taxable","14":"purchasable","15":"product-type-simple"},"jetpack_sharing_enabled":true,"_links":{"self":[{"href":"https:\/\/bonheurdouceur-orient.fr\/fr\/wp-json\/wp\/v2\/product\/514","targetHints":{"allow":["GET"]}}],"collection":[{"href":"https:\/\/bonheurdouceur-orient.fr\/fr\/wp-json\/wp\/v2\/product"}],"about":[{"href":"https:\/\/bonheurdouceur-orient.fr\/fr\/wp-json\/wp\/v2\/types\/product"}],"version-history":[{"count":1,"href":"https:\/\/bonheurdouceur-orient.fr\/fr\/wp-json\/wp\/v2\/product\/514\/revisions"}],"predecessor-version":[{"id":995,"href":"https:\/\/bonheurdouceur-orient.fr\/fr\/wp-json\/wp\/v2\/product\/514\/revisions\/995"}],"wp:featuredmedia":[{"embeddable":true,"href":"https:\/\/bonheurdouceur-orient.fr\/fr\/wp-json\/wp\/v2\/media\/974"}],"wp:attachment":[{"href":"https:\/\/bonheurdouceur-orient.fr\/fr\/wp-json\/wp\/v2\/media?parent=514"}],"wp:term":[{"taxonomy":"product_brand","embeddable":true,"href":"https:\/\/bonheurdouceur-orient.fr\/fr\/wp-json\/wp\/v2\/product_brand?post=514"},{"taxonomy":"product_cat","embeddable":true,"href":"https:\/\/bonheurdouceur-orient.fr\/fr\/wp-json\/wp\/v2\/product_cat?post=514"},{"taxonomy":"product_tag","embeddable":true,"href":"https:\/\/bonheurdouceur-orient.fr\/fr\/wp-json\/wp\/v2\/product_tag?post=514"}],"curies":[{"name":"wp","href":"https:\/\/api.w.org\/{rel}","templated":true}]}}