{"id":516,"date":"2025-01-19T00:03:03","date_gmt":"2025-01-19T00:03:03","guid":{"rendered":"https:\/\/bonheurdouceur-orient.fr\/?post_type=product&#038;p=516"},"modified":"2025-06-29T00:45:01","modified_gmt":"2025-06-29T00:45:01","slug":"samsa-raffaello","status":"publish","type":"product","link":"https:\/\/bonheurdouceur-orient.fr\/fr\/produit\/samsa-raffaello\/","title":{"rendered":"Samsa Raffaello"},"content":{"rendered":"<p>Samsa d\u00e9licate inspir\u00e9e du c\u00e9l\u00e8bre Raffaello, m\u00ealant \u00e9clats de noix de coco, amandes croquantes et c\u0153ur fondant. Une gourmandise l\u00e9g\u00e8re et envo\u00fbtante.<\/p>","protected":false},"excerpt":{"rendered":"<p>Samsa d\u00e9licate inspir\u00e9e du c\u00e9l\u00e8bre Raffaello, m\u00ealant \u00e9clats de noix de coco, amandes croquantes et c\u0153ur fondant. Une gourmandise l\u00e9g\u00e8re et envo\u00fbtante.<\/p>","protected":false},"featured_media":999,"template":"","meta":[],"product_brand":[],"product_cat":[71,40,41],"product_tag":[48],"class_list":{"0":"post-516","1":"product","2":"type-product","3":"status-publish","4":"has-post-thumbnail","6":"product_cat-evenement","7":"product_cat-orientale","8":"product_cat-samsa","9":"product_tag-1kg","11":"first","12":"instock","13":"shipping-taxable","14":"purchasable","15":"product-type-simple"},"jetpack_sharing_enabled":true,"_links":{"self":[{"href":"https:\/\/bonheurdouceur-orient.fr\/fr\/wp-json\/wp\/v2\/product\/516","targetHints":{"allow":["GET"]}}],"collection":[{"href":"https:\/\/bonheurdouceur-orient.fr\/fr\/wp-json\/wp\/v2\/product"}],"about":[{"href":"https:\/\/bonheurdouceur-orient.fr\/fr\/wp-json\/wp\/v2\/types\/product"}],"version-history":[{"count":1,"href":"https:\/\/bonheurdouceur-orient.fr\/fr\/wp-json\/wp\/v2\/product\/516\/revisions"}],"predecessor-version":[{"id":1000,"href":"https:\/\/bonheurdouceur-orient.fr\/fr\/wp-json\/wp\/v2\/product\/516\/revisions\/1000"}],"wp:featuredmedia":[{"embeddable":true,"href":"https:\/\/bonheurdouceur-orient.fr\/fr\/wp-json\/wp\/v2\/media\/999"}],"wp:attachment":[{"href":"https:\/\/bonheurdouceur-orient.fr\/fr\/wp-json\/wp\/v2\/media?parent=516"}],"wp:term":[{"taxonomy":"product_brand","embeddable":true,"href":"https:\/\/bonheurdouceur-orient.fr\/fr\/wp-json\/wp\/v2\/product_brand?post=516"},{"taxonomy":"product_cat","embeddable":true,"href":"https:\/\/bonheurdouceur-orient.fr\/fr\/wp-json\/wp\/v2\/product_cat?post=516"},{"taxonomy":"product_tag","embeddable":true,"href":"https:\/\/bonheurdouceur-orient.fr\/fr\/wp-json\/wp\/v2\/product_tag?post=516"}],"curies":[{"name":"wp","href":"https:\/\/api.w.org\/{rel}","templated":true}]}}