{"id":520,"date":"2025-01-19T00:15:23","date_gmt":"2025-01-19T00:15:23","guid":{"rendered":"https:\/\/bonheurdouceur-orient.fr\/?post_type=product&#038;p=520"},"modified":"2025-06-25T11:32:24","modified_gmt":"2025-06-25T11:32:24","slug":"samsa-chocolat-et-caramel","status":"publish","type":"product","link":"https:\/\/bonheurdouceur-orient.fr\/fr\/produit\/samsa-chocolat-et-caramel\/","title":{"rendered":"Samsa chocolat et caramel"},"content":{"rendered":"<p>Samsa enrob\u00e9e de chocolat fondant, renfermant un c\u0153ur onctueux au caramel. Une combinaison parfaite de douceur et de caract\u00e8re pour un plaisir gourmand.<\/p>","protected":false},"excerpt":{"rendered":"<p>Samsa enrob\u00e9e de chocolat fondant, renfermant un c\u0153ur onctueux au caramel. Une combinaison parfaite de douceur et de caract\u00e8re pour un plaisir gourmand.<\/p>","protected":false},"featured_media":996,"template":"","meta":[],"product_brand":[],"product_cat":[71,40,41],"product_tag":[48],"class_list":{"0":"post-520","1":"product","2":"type-product","3":"status-publish","4":"has-post-thumbnail","6":"product_cat-evenement","7":"product_cat-orientale","8":"product_cat-samsa","9":"product_tag-1kg","11":"first","12":"instock","13":"shipping-taxable","14":"purchasable","15":"product-type-simple"},"jetpack_sharing_enabled":true,"_links":{"self":[{"href":"https:\/\/bonheurdouceur-orient.fr\/fr\/wp-json\/wp\/v2\/product\/520","targetHints":{"allow":["GET"]}}],"collection":[{"href":"https:\/\/bonheurdouceur-orient.fr\/fr\/wp-json\/wp\/v2\/product"}],"about":[{"href":"https:\/\/bonheurdouceur-orient.fr\/fr\/wp-json\/wp\/v2\/types\/product"}],"version-history":[{"count":2,"href":"https:\/\/bonheurdouceur-orient.fr\/fr\/wp-json\/wp\/v2\/product\/520\/revisions"}],"predecessor-version":[{"id":998,"href":"https:\/\/bonheurdouceur-orient.fr\/fr\/wp-json\/wp\/v2\/product\/520\/revisions\/998"}],"wp:featuredmedia":[{"embeddable":true,"href":"https:\/\/bonheurdouceur-orient.fr\/fr\/wp-json\/wp\/v2\/media\/996"}],"wp:attachment":[{"href":"https:\/\/bonheurdouceur-orient.fr\/fr\/wp-json\/wp\/v2\/media?parent=520"}],"wp:term":[{"taxonomy":"product_brand","embeddable":true,"href":"https:\/\/bonheurdouceur-orient.fr\/fr\/wp-json\/wp\/v2\/product_brand?post=520"},{"taxonomy":"product_cat","embeddable":true,"href":"https:\/\/bonheurdouceur-orient.fr\/fr\/wp-json\/wp\/v2\/product_cat?post=520"},{"taxonomy":"product_tag","embeddable":true,"href":"https:\/\/bonheurdouceur-orient.fr\/fr\/wp-json\/wp\/v2\/product_tag?post=520"}],"curies":[{"name":"wp","href":"https:\/\/api.w.org\/{rel}","templated":true}]}}