{"id":521,"date":"2025-01-19T00:17:11","date_gmt":"2025-01-19T00:17:11","guid":{"rendered":"https:\/\/bonheurdouceur-orient.fr\/?post_type=product&#038;p=521"},"modified":"2025-06-29T00:41:57","modified_gmt":"2025-06-29T00:41:57","slug":"samsa-noisette-et-cremeux-noisette","status":"publish","type":"product","link":"https:\/\/bonheurdouceur-orient.fr\/fr\/produit\/samsa-noisette-et-cremeux-noisette\/","title":{"rendered":"Samsa Noisette et cr\u00e9meux noisette"},"content":{"rendered":"<p>Samsa croustillante aux \u00e9clats de noisettes, sublim\u00e9e par un c\u0153ur onctueux au pralin\u00e9 de noisette. Une douceur irr\u00e9sistible pour les amateurs de saveurs d\u00e9licates.<\/p>","protected":false},"excerpt":{"rendered":"<p>Samsa croustillante aux \u00e9clats de noisettes, sublim\u00e9e par un c\u0153ur onctueux au pralin\u00e9 de noisette. Une douceur irr\u00e9sistible pour les amateurs de saveurs d\u00e9licates.<\/p>","protected":false},"featured_media":991,"template":"","meta":[],"product_brand":[],"product_cat":[71,40,41],"product_tag":[48],"class_list":{"0":"post-521","1":"product","2":"type-product","3":"status-publish","4":"has-post-thumbnail","6":"product_cat-evenement","7":"product_cat-orientale","8":"product_cat-samsa","9":"product_tag-1kg","11":"first","12":"instock","13":"shipping-taxable","14":"purchasable","15":"product-type-simple"},"jetpack_sharing_enabled":true,"_links":{"self":[{"href":"https:\/\/bonheurdouceur-orient.fr\/fr\/wp-json\/wp\/v2\/product\/521","targetHints":{"allow":["GET"]}}],"collection":[{"href":"https:\/\/bonheurdouceur-orient.fr\/fr\/wp-json\/wp\/v2\/product"}],"about":[{"href":"https:\/\/bonheurdouceur-orient.fr\/fr\/wp-json\/wp\/v2\/types\/product"}],"version-history":[{"count":1,"href":"https:\/\/bonheurdouceur-orient.fr\/fr\/wp-json\/wp\/v2\/product\/521\/revisions"}],"predecessor-version":[{"id":993,"href":"https:\/\/bonheurdouceur-orient.fr\/fr\/wp-json\/wp\/v2\/product\/521\/revisions\/993"}],"wp:featuredmedia":[{"embeddable":true,"href":"https:\/\/bonheurdouceur-orient.fr\/fr\/wp-json\/wp\/v2\/media\/991"}],"wp:attachment":[{"href":"https:\/\/bonheurdouceur-orient.fr\/fr\/wp-json\/wp\/v2\/media?parent=521"}],"wp:term":[{"taxonomy":"product_brand","embeddable":true,"href":"https:\/\/bonheurdouceur-orient.fr\/fr\/wp-json\/wp\/v2\/product_brand?post=521"},{"taxonomy":"product_cat","embeddable":true,"href":"https:\/\/bonheurdouceur-orient.fr\/fr\/wp-json\/wp\/v2\/product_cat?post=521"},{"taxonomy":"product_tag","embeddable":true,"href":"https:\/\/bonheurdouceur-orient.fr\/fr\/wp-json\/wp\/v2\/product_tag?post=521"}],"curies":[{"name":"wp","href":"https:\/\/api.w.org\/{rel}","templated":true}]}}