{"id":523,"date":"2025-01-19T00:25:44","date_gmt":"2025-01-19T00:25:44","guid":{"rendered":"https:\/\/bonheurdouceur-orient.fr\/?post_type=product&#038;p=523"},"modified":"2025-06-29T00:48:04","modified_gmt":"2025-06-29T00:48:04","slug":"samsa-melange","status":"publish","type":"product","link":"https:\/\/bonheurdouceur-orient.fr\/fr\/produit\/samsa-melange\/","title":{"rendered":"Samsa Framboise et Pistache"},"content":{"rendered":"<p>D\u00e9licate samsa artisanale enrob\u00e9e d\u2019un gla\u00e7age framboise onctueux, renfermant un c\u0153ur fondant de pistaches finement torr\u00e9fi\u00e9es. Un mariage subtil entre la douceur fruit\u00e9e et le croquant des fruits secs, sublim\u00e9 par de fines feuilles d\u2019or pour une touche d\u2019\u00e9l\u00e9gance.<\/p>","protected":false},"excerpt":{"rendered":"<p>D\u00e9licate samsa artisanale enrob\u00e9e d\u2019un gla\u00e7age framboise onctueux, renfermant un c\u0153ur fondant de pistaches finement torr\u00e9fi\u00e9es. Un mariage subtil entre la douceur fruit\u00e9e et le croquant des fruits secs, sublim\u00e9 par de fines feuilles d\u2019or pour une touche d\u2019\u00e9l\u00e9gance.<\/p>","protected":false},"featured_media":970,"template":"","meta":[],"product_brand":[],"product_cat":[71,40,41],"product_tag":[],"class_list":{"0":"post-523","1":"product","2":"type-product","3":"status-publish","4":"has-post-thumbnail","6":"product_cat-evenement","7":"product_cat-orientale","8":"product_cat-samsa","10":"first","11":"instock","12":"shipping-taxable","13":"purchasable","14":"product-type-simple"},"jetpack_sharing_enabled":true,"_links":{"self":[{"href":"https:\/\/bonheurdouceur-orient.fr\/fr\/wp-json\/wp\/v2\/product\/523","targetHints":{"allow":["GET"]}}],"collection":[{"href":"https:\/\/bonheurdouceur-orient.fr\/fr\/wp-json\/wp\/v2\/product"}],"about":[{"href":"https:\/\/bonheurdouceur-orient.fr\/fr\/wp-json\/wp\/v2\/types\/product"}],"version-history":[{"count":3,"href":"https:\/\/bonheurdouceur-orient.fr\/fr\/wp-json\/wp\/v2\/product\/523\/revisions"}],"predecessor-version":[{"id":972,"href":"https:\/\/bonheurdouceur-orient.fr\/fr\/wp-json\/wp\/v2\/product\/523\/revisions\/972"}],"wp:featuredmedia":[{"embeddable":true,"href":"https:\/\/bonheurdouceur-orient.fr\/fr\/wp-json\/wp\/v2\/media\/970"}],"wp:attachment":[{"href":"https:\/\/bonheurdouceur-orient.fr\/fr\/wp-json\/wp\/v2\/media?parent=523"}],"wp:term":[{"taxonomy":"product_brand","embeddable":true,"href":"https:\/\/bonheurdouceur-orient.fr\/fr\/wp-json\/wp\/v2\/product_brand?post=523"},{"taxonomy":"product_cat","embeddable":true,"href":"https:\/\/bonheurdouceur-orient.fr\/fr\/wp-json\/wp\/v2\/product_cat?post=523"},{"taxonomy":"product_tag","embeddable":true,"href":"https:\/\/bonheurdouceur-orient.fr\/fr\/wp-json\/wp\/v2\/product_tag?post=523"}],"curies":[{"name":"wp","href":"https:\/\/api.w.org\/{rel}","templated":true}]}}