{"id":588,"date":"2025-01-20T01:31:58","date_gmt":"2025-01-20T01:31:58","guid":{"rendered":"https:\/\/bonheurdouceur-orient.fr\/?post_type=product&#038;p=588"},"modified":"2025-06-25T00:44:50","modified_gmt":"2025-06-25T00:44:50","slug":"sable-naissance","status":"publish","type":"product","link":"https:\/\/bonheurdouceur-orient.fr\/fr\/produit\/sable-naissance\/","title":{"rendered":"Sabl\u00e9 naissance"},"content":{"rendered":"<p>D\u00e9licat sabl\u00e9 artisanal, d\u00e9cor\u00e9 avec soin pour c\u00e9l\u00e9brer l\u2019arriv\u00e9e d\u2019un nouveau-n\u00e9. Une douceur tendre et gourmande, parfaite pour marquer ce moment unique.<\/p>","protected":false},"excerpt":{"rendered":"<p>D\u00e9licat sabl\u00e9 artisanal, d\u00e9cor\u00e9 avec soin pour c\u00e9l\u00e9brer l\u2019arriv\u00e9e d\u2019un nouveau-n\u00e9. Une douceur tendre et gourmande, parfaite pour marquer ce moment unique.<\/p>","protected":false},"featured_media":475,"template":"","meta":[],"product_brand":[],"product_cat":[70,44],"product_tag":[46],"class_list":{"0":"post-588","1":"product","2":"type-product","3":"status-publish","4":"has-post-thumbnail","6":"product_cat-mariage-personnalise","7":"product_cat-personnalise","8":"product_tag-par-piece","10":"first","11":"instock","12":"shipping-taxable","13":"purchasable","14":"product-type-simple"},"jetpack_sharing_enabled":true,"_links":{"self":[{"href":"https:\/\/bonheurdouceur-orient.fr\/fr\/wp-json\/wp\/v2\/product\/588","targetHints":{"allow":["GET"]}}],"collection":[{"href":"https:\/\/bonheurdouceur-orient.fr\/fr\/wp-json\/wp\/v2\/product"}],"about":[{"href":"https:\/\/bonheurdouceur-orient.fr\/fr\/wp-json\/wp\/v2\/types\/product"}],"version-history":[{"count":3,"href":"https:\/\/bonheurdouceur-orient.fr\/fr\/wp-json\/wp\/v2\/product\/588\/revisions"}],"predecessor-version":[{"id":1015,"href":"https:\/\/bonheurdouceur-orient.fr\/fr\/wp-json\/wp\/v2\/product\/588\/revisions\/1015"}],"wp:featuredmedia":[{"embeddable":true,"href":"https:\/\/bonheurdouceur-orient.fr\/fr\/wp-json\/wp\/v2\/media\/475"}],"wp:attachment":[{"href":"https:\/\/bonheurdouceur-orient.fr\/fr\/wp-json\/wp\/v2\/media?parent=588"}],"wp:term":[{"taxonomy":"product_brand","embeddable":true,"href":"https:\/\/bonheurdouceur-orient.fr\/fr\/wp-json\/wp\/v2\/product_brand?post=588"},{"taxonomy":"product_cat","embeddable":true,"href":"https:\/\/bonheurdouceur-orient.fr\/fr\/wp-json\/wp\/v2\/product_cat?post=588"},{"taxonomy":"product_tag","embeddable":true,"href":"https:\/\/bonheurdouceur-orient.fr\/fr\/wp-json\/wp\/v2\/product_tag?post=588"}],"curies":[{"name":"wp","href":"https:\/\/api.w.org\/{rel}","templated":true}]}}