{"id":786,"date":"2025-06-03T18:45:41","date_gmt":"2025-06-03T18:45:41","guid":{"rendered":"https:\/\/bonheurdouceur-orient.fr\/?post_type=product&#038;p=786"},"modified":"2025-06-03T20:07:07","modified_gmt":"2025-06-03T20:07:07","slug":"786","status":"publish","type":"product","link":"https:\/\/bonheurdouceur-orient.fr\/fr\/produit\/786\/","title":{"rendered":"Kaak warka"},"content":{"rendered":"<p>Des p\u00e2tisseries typiquement tunisiennes \u00e0 la texture tendre. Une recette ancestrale au go\u00fbt d\u2019antan. L\u2019id\u00e9al compagnon de vos pauses caf\u00e9.<\/p>","protected":false},"excerpt":{"rendered":"<p>Des p\u00e2tisseries typiquement tunisiennes \u00e0 la texture tendre. Une recette ancestrale au go\u00fbt d\u2019antan. L\u2019id\u00e9al compagnon de vos pauses caf\u00e9.<\/p>","protected":false},"featured_media":787,"template":"","meta":[],"product_brand":[],"product_cat":[42,40],"product_tag":[],"class_list":{"0":"post-786","1":"product","2":"type-product","3":"status-publish","4":"has-post-thumbnail","6":"product_cat-kaak-warka-orientale","7":"product_cat-orientale","9":"first","10":"instock","11":"shipping-taxable","12":"purchasable","13":"product-type-simple"},"jetpack_sharing_enabled":true,"_links":{"self":[{"href":"https:\/\/bonheurdouceur-orient.fr\/fr\/wp-json\/wp\/v2\/product\/786","targetHints":{"allow":["GET"]}}],"collection":[{"href":"https:\/\/bonheurdouceur-orient.fr\/fr\/wp-json\/wp\/v2\/product"}],"about":[{"href":"https:\/\/bonheurdouceur-orient.fr\/fr\/wp-json\/wp\/v2\/types\/product"}],"version-history":[{"count":2,"href":"https:\/\/bonheurdouceur-orient.fr\/fr\/wp-json\/wp\/v2\/product\/786\/revisions"}],"predecessor-version":[{"id":792,"href":"https:\/\/bonheurdouceur-orient.fr\/fr\/wp-json\/wp\/v2\/product\/786\/revisions\/792"}],"wp:featuredmedia":[{"embeddable":true,"href":"https:\/\/bonheurdouceur-orient.fr\/fr\/wp-json\/wp\/v2\/media\/787"}],"wp:attachment":[{"href":"https:\/\/bonheurdouceur-orient.fr\/fr\/wp-json\/wp\/v2\/media?parent=786"}],"wp:term":[{"taxonomy":"product_brand","embeddable":true,"href":"https:\/\/bonheurdouceur-orient.fr\/fr\/wp-json\/wp\/v2\/product_brand?post=786"},{"taxonomy":"product_cat","embeddable":true,"href":"https:\/\/bonheurdouceur-orient.fr\/fr\/wp-json\/wp\/v2\/product_cat?post=786"},{"taxonomy":"product_tag","embeddable":true,"href":"https:\/\/bonheurdouceur-orient.fr\/fr\/wp-json\/wp\/v2\/product_tag?post=786"}],"curies":[{"name":"wp","href":"https:\/\/api.w.org\/{rel}","templated":true}]}}