{"id":793,"date":"2025-06-03T20:16:20","date_gmt":"2025-06-03T20:16:20","guid":{"rendered":"https:\/\/bonheurdouceur-orient.fr\/?post_type=product&#038;p=793"},"modified":"2025-06-03T20:38:41","modified_gmt":"2025-06-03T20:38:41","slug":"zitouna","status":"publish","type":"product","link":"https:\/\/bonheurdouceur-orient.fr\/fr\/produit\/zitouna\/","title":{"rendered":"Zitouna"},"content":{"rendered":"<p>Nous sommes ravis de vous pr\u00e9senter Zitouna, la premi\u00e8re cr\u00e9ation de notre nouvelle collection de p\u00e2tisseries orientales. Inspir\u00e9e des saveurs authentiques de l\u2019Orient, Zitouna allie tradition et innovation pour \u00e9veiller vos papilles.<\/p>","protected":false},"excerpt":{"rendered":"<p>La premi\u00e8re cr\u00e9ation de notre nouvelle collection de p\u00e2tisseries orientales<\/p>","protected":false},"featured_media":794,"template":"","meta":[],"product_brand":[],"product_cat":[40],"product_tag":[59],"class_list":{"0":"post-793","1":"product","2":"type-product","3":"status-publish","4":"has-post-thumbnail","6":"product_cat-orientale","7":"product_tag-120-pieces","9":"first","10":"instock","11":"shipping-taxable","12":"purchasable","13":"product-type-simple"},"jetpack_sharing_enabled":true,"_links":{"self":[{"href":"https:\/\/bonheurdouceur-orient.fr\/fr\/wp-json\/wp\/v2\/product\/793","targetHints":{"allow":["GET"]}}],"collection":[{"href":"https:\/\/bonheurdouceur-orient.fr\/fr\/wp-json\/wp\/v2\/product"}],"about":[{"href":"https:\/\/bonheurdouceur-orient.fr\/fr\/wp-json\/wp\/v2\/types\/product"}],"version-history":[{"count":3,"href":"https:\/\/bonheurdouceur-orient.fr\/fr\/wp-json\/wp\/v2\/product\/793\/revisions"}],"predecessor-version":[{"id":802,"href":"https:\/\/bonheurdouceur-orient.fr\/fr\/wp-json\/wp\/v2\/product\/793\/revisions\/802"}],"wp:featuredmedia":[{"embeddable":true,"href":"https:\/\/bonheurdouceur-orient.fr\/fr\/wp-json\/wp\/v2\/media\/794"}],"wp:attachment":[{"href":"https:\/\/bonheurdouceur-orient.fr\/fr\/wp-json\/wp\/v2\/media?parent=793"}],"wp:term":[{"taxonomy":"product_brand","embeddable":true,"href":"https:\/\/bonheurdouceur-orient.fr\/fr\/wp-json\/wp\/v2\/product_brand?post=793"},{"taxonomy":"product_cat","embeddable":true,"href":"https:\/\/bonheurdouceur-orient.fr\/fr\/wp-json\/wp\/v2\/product_cat?post=793"},{"taxonomy":"product_tag","embeddable":true,"href":"https:\/\/bonheurdouceur-orient.fr\/fr\/wp-json\/wp\/v2\/product_tag?post=793"}],"curies":[{"name":"wp","href":"https:\/\/api.w.org\/{rel}","templated":true}]}}