{"id":821,"date":"2025-06-03T22:11:11","date_gmt":"2025-06-03T22:11:11","guid":{"rendered":"https:\/\/bonheurdouceur-orient.fr\/?post_type=product&#038;p=821"},"modified":"2025-06-03T22:47:35","modified_gmt":"2025-06-03T22:47:35","slug":"quenelle","status":"publish","type":"product","link":"https:\/\/bonheurdouceur-orient.fr\/fr\/produit\/quenelle\/","title":{"rendered":"Quenelle"},"content":{"rendered":"<p>Quenelle Pistache Framboise : Une alliance raffin\u00e9e de pistache onctueuse et de framboise acidul\u00e9e, offrant une exp\u00e9rience gustative unique.<\/p>\n<p>Quenelle Noisette : Une douceur fondante mettant en valeur la richesse de la noisette, pour les amateurs de saveurs authentiques.<\/p>","protected":false},"excerpt":{"rendered":"<p>Apr\u00e8s Zitouna, Mlabess Pistache Framboise et Calissons Noisette Citron, nous sommes ravis de vous pr\u00e9senter deux nouvelles douceurs<\/p>","protected":false},"featured_media":822,"template":"","meta":[],"product_brand":[],"product_cat":[40],"product_tag":[64],"class_list":{"0":"post-821","1":"product","2":"type-product","3":"status-publish","4":"has-post-thumbnail","6":"product_cat-orientale","7":"product_tag-40-pieces","9":"first","10":"instock","11":"shipping-taxable","12":"purchasable","13":"product-type-simple"},"jetpack_sharing_enabled":true,"_links":{"self":[{"href":"https:\/\/bonheurdouceur-orient.fr\/fr\/wp-json\/wp\/v2\/product\/821","targetHints":{"allow":["GET"]}}],"collection":[{"href":"https:\/\/bonheurdouceur-orient.fr\/fr\/wp-json\/wp\/v2\/product"}],"about":[{"href":"https:\/\/bonheurdouceur-orient.fr\/fr\/wp-json\/wp\/v2\/types\/product"}],"version-history":[{"count":2,"href":"https:\/\/bonheurdouceur-orient.fr\/fr\/wp-json\/wp\/v2\/product\/821\/revisions"}],"predecessor-version":[{"id":824,"href":"https:\/\/bonheurdouceur-orient.fr\/fr\/wp-json\/wp\/v2\/product\/821\/revisions\/824"}],"wp:featuredmedia":[{"embeddable":true,"href":"https:\/\/bonheurdouceur-orient.fr\/fr\/wp-json\/wp\/v2\/media\/822"}],"wp:attachment":[{"href":"https:\/\/bonheurdouceur-orient.fr\/fr\/wp-json\/wp\/v2\/media?parent=821"}],"wp:term":[{"taxonomy":"product_brand","embeddable":true,"href":"https:\/\/bonheurdouceur-orient.fr\/fr\/wp-json\/wp\/v2\/product_brand?post=821"},{"taxonomy":"product_cat","embeddable":true,"href":"https:\/\/bonheurdouceur-orient.fr\/fr\/wp-json\/wp\/v2\/product_cat?post=821"},{"taxonomy":"product_tag","embeddable":true,"href":"https:\/\/bonheurdouceur-orient.fr\/fr\/wp-json\/wp\/v2\/product_tag?post=821"}],"curies":[{"name":"wp","href":"https:\/\/api.w.org\/{rel}","templated":true}]}}