{"id":825,"date":"2025-06-03T22:22:46","date_gmt":"2025-06-03T22:22:46","guid":{"rendered":"https:\/\/bonheurdouceur-orient.fr\/?post_type=product&#038;p=825"},"modified":"2025-06-24T22:45:52","modified_gmt":"2025-06-24T22:45:52","slug":"mlabess-2","status":"publish","type":"product","link":"https:\/\/bonheurdouceur-orient.fr\/fr\/produit\/mlabess-2\/","title":{"rendered":"Mlabess"},"content":{"rendered":"<p>Mlabess Pistache Framboise : Une p\u00e2tisserie fondante associant la richesse de la pistache \u00e0 la fra\u00eecheur acidul\u00e9e de la framboise, pour une exp\u00e9rience gustative unique.<\/p>\n<p>Calissons Noisette Citron : Une revisite du classique calisson, mariant la douceur de la noisette \u00e0 la vivacit\u00e9 du citron, offrant un \u00e9quilibre parfait entre tradition et innovation.<\/p>","protected":false},"excerpt":{"rendered":"<p>Apr\u00e8s Zitouna, nous sommes ravis de vous pr\u00e9senter deux nouvelles cr\u00e9ations gourmandes<\/p>","protected":false},"featured_media":826,"template":"","meta":[],"product_brand":[],"product_cat":[71,68,40],"product_tag":[62],"class_list":{"0":"post-825","1":"product","2":"type-product","3":"status-publish","4":"has-post-thumbnail","6":"product_cat-evenement","7":"product_cat-mlabess","8":"product_cat-orientale","9":"product_tag-70-pieces","11":"first","12":"instock","13":"shipping-taxable","14":"purchasable","15":"product-type-simple"},"jetpack_sharing_enabled":true,"_links":{"self":[{"href":"https:\/\/bonheurdouceur-orient.fr\/fr\/wp-json\/wp\/v2\/product\/825","targetHints":{"allow":["GET"]}}],"collection":[{"href":"https:\/\/bonheurdouceur-orient.fr\/fr\/wp-json\/wp\/v2\/product"}],"about":[{"href":"https:\/\/bonheurdouceur-orient.fr\/fr\/wp-json\/wp\/v2\/types\/product"}],"version-history":[{"count":1,"href":"https:\/\/bonheurdouceur-orient.fr\/fr\/wp-json\/wp\/v2\/product\/825\/revisions"}],"predecessor-version":[{"id":827,"href":"https:\/\/bonheurdouceur-orient.fr\/fr\/wp-json\/wp\/v2\/product\/825\/revisions\/827"}],"wp:featuredmedia":[{"embeddable":true,"href":"https:\/\/bonheurdouceur-orient.fr\/fr\/wp-json\/wp\/v2\/media\/826"}],"wp:attachment":[{"href":"https:\/\/bonheurdouceur-orient.fr\/fr\/wp-json\/wp\/v2\/media?parent=825"}],"wp:term":[{"taxonomy":"product_brand","embeddable":true,"href":"https:\/\/bonheurdouceur-orient.fr\/fr\/wp-json\/wp\/v2\/product_brand?post=825"},{"taxonomy":"product_cat","embeddable":true,"href":"https:\/\/bonheurdouceur-orient.fr\/fr\/wp-json\/wp\/v2\/product_cat?post=825"},{"taxonomy":"product_tag","embeddable":true,"href":"https:\/\/bonheurdouceur-orient.fr\/fr\/wp-json\/wp\/v2\/product_tag?post=825"}],"curies":[{"name":"wp","href":"https:\/\/api.w.org\/{rel}","templated":true}]}}