{"id":830,"date":"2025-06-03T22:44:01","date_gmt":"2025-06-03T22:44:01","guid":{"rendered":"https:\/\/bonheurdouceur-orient.fr\/?post_type=product&#038;p=830"},"modified":"2025-06-03T22:46:57","modified_gmt":"2025-06-03T22:46:57","slug":"carre-de-chocolat","status":"publish","type":"product","link":"https:\/\/bonheurdouceur-orient.fr\/fr\/produit\/carre-de-chocolat\/","title":{"rendered":"Carr\u00e9 de chocolat"},"content":{"rendered":"<p>Carr\u00e9 Chocolat Caramel Noisette<br \/>\nUn d\u00e9lice fondant alliant le go\u00fbt riche du chocolat au lait, la douceur du caramel et le croquant des noisettes.<\/p>\n<p>Carr\u00e9 Chocolat Blanc Pignons<br \/>\nUne gourmandise subtile o\u00f9 le chocolat blanc onctueux rencontre le croquant d\u00e9licat des pignons de pin.<\/p>\n<p>Carr\u00e9 Framboise Pistache<br \/>\nUne alliance parfaite entre la fra\u00eecheur acidul\u00e9e de la framboise et la douceur de la pistache, pour une exp\u00e9rience gustative inoubliable.<\/p>","protected":false},"excerpt":{"rendered":"<p>Nous sommes ravis de vous pr\u00e9senter les derni\u00e8res cr\u00e9ations de notre collection de douceurs artisanales<\/p>","protected":false},"featured_media":831,"template":"","meta":[],"product_brand":[],"product_cat":[40],"product_tag":[66],"class_list":{"0":"post-830","1":"product","2":"type-product","3":"status-publish","4":"has-post-thumbnail","6":"product_cat-orientale","7":"product_tag-30-pieces","9":"first","10":"instock","11":"shipping-taxable","12":"purchasable","13":"product-type-simple"},"jetpack_sharing_enabled":true,"_links":{"self":[{"href":"https:\/\/bonheurdouceur-orient.fr\/fr\/wp-json\/wp\/v2\/product\/830","targetHints":{"allow":["GET"]}}],"collection":[{"href":"https:\/\/bonheurdouceur-orient.fr\/fr\/wp-json\/wp\/v2\/product"}],"about":[{"href":"https:\/\/bonheurdouceur-orient.fr\/fr\/wp-json\/wp\/v2\/types\/product"}],"version-history":[{"count":1,"href":"https:\/\/bonheurdouceur-orient.fr\/fr\/wp-json\/wp\/v2\/product\/830\/revisions"}],"predecessor-version":[{"id":832,"href":"https:\/\/bonheurdouceur-orient.fr\/fr\/wp-json\/wp\/v2\/product\/830\/revisions\/832"}],"wp:featuredmedia":[{"embeddable":true,"href":"https:\/\/bonheurdouceur-orient.fr\/fr\/wp-json\/wp\/v2\/media\/831"}],"wp:attachment":[{"href":"https:\/\/bonheurdouceur-orient.fr\/fr\/wp-json\/wp\/v2\/media?parent=830"}],"wp:term":[{"taxonomy":"product_brand","embeddable":true,"href":"https:\/\/bonheurdouceur-orient.fr\/fr\/wp-json\/wp\/v2\/product_brand?post=830"},{"taxonomy":"product_cat","embeddable":true,"href":"https:\/\/bonheurdouceur-orient.fr\/fr\/wp-json\/wp\/v2\/product_cat?post=830"},{"taxonomy":"product_tag","embeddable":true,"href":"https:\/\/bonheurdouceur-orient.fr\/fr\/wp-json\/wp\/v2\/product_tag?post=830"}],"curies":[{"name":"wp","href":"https:\/\/api.w.org\/{rel}","templated":true}]}}