{"id":834,"date":"2025-06-03T22:57:40","date_gmt":"2025-06-03T22:57:40","guid":{"rendered":"https:\/\/bonheurdouceur-orient.fr\/?post_type=product&#038;p=834"},"modified":"2025-06-03T22:58:48","modified_gmt":"2025-06-03T22:58:48","slug":"boule-de-neige","status":"publish","type":"product","link":"https:\/\/bonheurdouceur-orient.fr\/fr\/produit\/boule-de-neige\/","title":{"rendered":"Boule de Neige"},"content":{"rendered":"<p>Une d\u00e9licieuse boule enrob\u00e9e d\u2019une fine couche de chocolat au lait, offrant une texture fondante et un go\u00fbt riche entre pralin\u00e9 vanille et croustillant pralin\u00e9 noisettes<\/p>\n<p>Boule de Neige au Chocolat Blanc et Noix de Coco.<br \/>\nUne boule onctueuse au chocolat blanc, agr\u00e9ment\u00e9e de noix de coco , pour une exp\u00e9rience gourmande et exotique.<\/p>","protected":false},"excerpt":{"rendered":"<p>Boule de Neige au Chocolat au lait<\/p>","protected":false},"featured_media":835,"template":"","meta":[],"product_brand":[],"product_cat":[40],"product_tag":[63],"class_list":{"0":"post-834","1":"product","2":"type-product","3":"status-publish","4":"has-post-thumbnail","6":"product_cat-orientale","7":"product_tag-50-pieces","9":"first","10":"instock","11":"shipping-taxable","12":"purchasable","13":"product-type-simple"},"jetpack_sharing_enabled":true,"_links":{"self":[{"href":"https:\/\/bonheurdouceur-orient.fr\/fr\/wp-json\/wp\/v2\/product\/834","targetHints":{"allow":["GET"]}}],"collection":[{"href":"https:\/\/bonheurdouceur-orient.fr\/fr\/wp-json\/wp\/v2\/product"}],"about":[{"href":"https:\/\/bonheurdouceur-orient.fr\/fr\/wp-json\/wp\/v2\/types\/product"}],"version-history":[{"count":2,"href":"https:\/\/bonheurdouceur-orient.fr\/fr\/wp-json\/wp\/v2\/product\/834\/revisions"}],"predecessor-version":[{"id":837,"href":"https:\/\/bonheurdouceur-orient.fr\/fr\/wp-json\/wp\/v2\/product\/834\/revisions\/837"}],"wp:featuredmedia":[{"embeddable":true,"href":"https:\/\/bonheurdouceur-orient.fr\/fr\/wp-json\/wp\/v2\/media\/835"}],"wp:attachment":[{"href":"https:\/\/bonheurdouceur-orient.fr\/fr\/wp-json\/wp\/v2\/media?parent=834"}],"wp:term":[{"taxonomy":"product_brand","embeddable":true,"href":"https:\/\/bonheurdouceur-orient.fr\/fr\/wp-json\/wp\/v2\/product_brand?post=834"},{"taxonomy":"product_cat","embeddable":true,"href":"https:\/\/bonheurdouceur-orient.fr\/fr\/wp-json\/wp\/v2\/product_cat?post=834"},{"taxonomy":"product_tag","embeddable":true,"href":"https:\/\/bonheurdouceur-orient.fr\/fr\/wp-json\/wp\/v2\/product_tag?post=834"}],"curies":[{"name":"wp","href":"https:\/\/api.w.org\/{rel}","templated":true}]}}